{"id":5,"date":"2026-04-25T15:13:38","date_gmt":"2026-04-25T12:13:38","guid":{"rendered":"http:\/\/markafark.com.tr\/?page_id=5"},"modified":"2026-04-25T15:37:01","modified_gmt":"2026-04-25T12:37:01","slug":"marka-fark","status":"publish","type":"page","link":"https:\/\/markafark.com.tr\/","title":{"rendered":"MARKA FARK"},"content":{"rendered":"\n<div class=\"row\"  id=\"row-1371993461\">\n\n\n\t<div id=\"col-1354475207\" class=\"col medium-4 small-12 large-4\"  >\n\t\t\t\t<div class=\"col-inner\"  >\n\t\t\t\n\t\t\t\n\n\n\t\t<\/div>\n\t\t\t\t\t<\/div>\n\n\t\n\n\t<div id=\"col-1646781342\" class=\"col medium-4 small-12 large-4\"  >\n\t\t\t\t<div class=\"col-inner\"  >\n\t\t\t\n\t\t\t\n\n\t<div class=\"img has-hover x md-x lg-x y md-y lg-y\" id=\"image_818202410\">\n\t\t\t\t\t\t\t\t<div class=\"img-inner dark\" >\n\t\t\t<img loading=\"lazy\" decoding=\"async\" width=\"591\" height=\"591\" src=\"https:\/\/markafark.com.tr\/wp-content\/uploads\/2026\/04\/MARKA-FARK-4.jpg\" class=\"attachment-original size-original\" alt=\"\" srcset=\"https:\/\/markafark.com.tr\/wp-content\/uploads\/2026\/04\/MARKA-FARK-4.jpg 591w, https:\/\/markafark.com.tr\/wp-content\/uploads\/2026\/04\/MARKA-FARK-4-300x300.jpg 300w, https:\/\/markafark.com.tr\/wp-content\/uploads\/2026\/04\/MARKA-FARK-4-150x150.jpg 150w\" sizes=\"auto, (max-width: 591px) 100vw, 591px\" \/>\t\t\t\t\t\t\n\t\t\t\t\t<\/div>\n\t\t\t\t\t\t\t\t\n<style>\n#image_818202410 {\n  width: 100%;\n}\n<\/style>\n\t<\/div>\n\t\n\n\n\t\t<\/div>\n\t\t\t\t\t<\/div>\n\n\t\n\n\t<div id=\"col-83408602\" class=\"col medium-4 small-12 large-4\"  >\n\t\t\t\t<div class=\"col-inner\"  >\n\t\t\t\n\t\t\t\n\n\n\t\t<\/div>\n\t\t\t\t\t<\/div>\n\n\t\n\n<\/div>\n<p style=\"text-align: center;\"><em><strong>Online ma\u011fazam\u0131z \u00e7ok yak\u0131nda burada&#8230;<\/strong><\/em><\/p>\n<p style=\"text-align: center;\"><strong>\u00a0Pizza Avm Yan\u0131 Dere Pazar\u0131 Esnaf \u00c7ar\u015f\u0131s\u0131 No:100 KAHRAMANMARA\u015e<\/strong><\/p>\n<p>\u00a0<\/p>\n\n","protected":false},"excerpt":{"rendered":"","protected":false},"author":1,"featured_media":0,"parent":0,"menu_order":0,"comment_status":"closed","ping_status":"closed","template":"","meta":{"footnotes":""},"class_list":["post-5","page","type-page","status-publish","hentry"],"_links":{"self":[{"href":"https:\/\/markafark.com.tr\/index.php\/wp-json\/wp\/v2\/pages\/5","targetHints":{"allow":["GET"]}}],"collection":[{"href":"https:\/\/markafark.com.tr\/index.php\/wp-json\/wp\/v2\/pages"}],"about":[{"href":"https:\/\/markafark.com.tr\/index.php\/wp-json\/wp\/v2\/types\/page"}],"author":[{"embeddable":true,"href":"https:\/\/markafark.com.tr\/index.php\/wp-json\/wp\/v2\/users\/1"}],"replies":[{"embeddable":true,"href":"https:\/\/markafark.com.tr\/index.php\/wp-json\/wp\/v2\/comments?post=5"}],"version-history":[{"count":3,"href":"https:\/\/markafark.com.tr\/index.php\/wp-json\/wp\/v2\/pages\/5\/revisions"}],"predecessor-version":[{"id":21,"href":"https:\/\/markafark.com.tr\/index.php\/wp-json\/wp\/v2\/pages\/5\/revisions\/21"}],"wp:attachment":[{"href":"https:\/\/markafark.com.tr\/index.php\/wp-json\/wp\/v2\/media?parent=5"}],"curies":[{"name":"wp","href":"https:\/\/api.w.org\/{rel}","templated":true}]}}